{"id":500,"date":"2023-09-18T09:53:41","date_gmt":"2023-09-18T12:53:41","guid":{"rendered":"http:\/\/paula-tabachnik.local\/?page_id=500"},"modified":"2023-10-30T19:18:35","modified_gmt":"2023-10-30T22:18:35","slug":"operation-finale","status":"publish","type":"page","link":"https:\/\/paulataba.com.ar\/en\/obras-como-actriz\/operation-finale\/","title":{"rendered":"Operation finale"},"content":{"rendered":"<div data-elementor-type=\"wp-page\" data-elementor-id=\"500\" class=\"elementor elementor-500\">\n\t\t\t\t<div class=\"elementor-element elementor-element-74746b0 elementor-hidden-mobile e-flex e-con-boxed e-con e-parent\" data-id=\"74746b0\" data-element_type=\"container\">\n\t\t\t\t\t<div class=\"e-con-inner\">\n\t\t\t\t<div class=\"elementor-element elementor-element-241f2c8 elementor-widget elementor-widget-spacer\" data-id=\"241f2c8\" data-element_type=\"widget\" data-widget_type=\"spacer.default\">\n\t\t\t\t<div class=\"elementor-widget-container\">\n\t\t\t\t\t<div class=\"elementor-spacer\">\n\t\t\t<div class=\"elementor-spacer-inner\"><\/div>\n\t\t<\/div>\n\t\t\t\t<\/div>\n\t\t\t\t<\/div>\n\t\t\t\t\t<\/div>\n\t\t\t\t<\/div>\n\t\t<div class=\"elementor-element elementor-element-0cac60b e-flex e-con-boxed elementor-invisible e-con e-parent\" data-id=\"0cac60b\" data-element_type=\"container\" data-settings=\"{&quot;animation&quot;:&quot;fadeInRight&quot;}\">\n\t\t\t\t\t<div class=\"e-con-inner\">\n\t\t<div class=\"elementor-element elementor-element-176516f e-con-full e-flex e-con e-child\" data-id=\"176516f\" data-element_type=\"container\">\n\t\t\t\t<div class=\"elementor-element elementor-element-7adb8cc elementor-widget elementor-widget-heading\" data-id=\"7adb8cc\" data-element_type=\"widget\" data-widget_type=\"heading.default\">\n\t\t\t\t<div class=\"elementor-widget-container\">\n\t\t\t<h1 class=\"elementor-heading-title elementor-size-default\">as an actress<\/h1>\t\t<\/div>\n\t\t\t\t<\/div>\n\t\t\t\t<\/div>\n\t\t<div class=\"elementor-element elementor-element-a111d19 e-con-full elementor-hidden-mobile e-flex e-con e-child\" data-id=\"a111d19\" data-element_type=\"container\">\n\t\t\t\t<\/div>\n\t\t<div class=\"elementor-element elementor-element-c562245 e-con-full e-flex e-con e-child\" data-id=\"c562245\" data-element_type=\"container\">\n\t\t\t\t<div class=\"elementor-element elementor-element-88f97c0 elementor-widget elementor-widget-heading\" data-id=\"88f97c0\" data-element_type=\"widget\" data-widget_type=\"heading.default\">\n\t\t\t\t<div class=\"elementor-widget-container\">\n\t\t\t<h3 class=\"elementor-heading-title elementor-size-default\">Operation finale (2018)<\/h3>\t\t<\/div>\n\t\t\t\t<\/div>\n\t\t\t\t<div class=\"elementor-element elementor-element-9ae5a1a elementor-widget elementor-widget-text-editor\" data-id=\"9ae5a1a\" data-element_type=\"widget\" data-widget_type=\"text-editor.default\">\n\t\t\t\t<div class=\"elementor-widget-container\">\n\t\t\t\t\t\t\t<p>Directed by Chris Weitz and written by Matthew Orton and starring Oscar Isaac, Ben Kingsley, Lior Raz, M\u00e9lanie Laurent, Nick Kroll and Joe Alwyn.\u00a0<\/p><p>Extra for the filming carried out in Buenos Aires.<\/p><p>Production: Metro-Goldwyn-Mayer; Automatik Entertainment.\u00a0<\/p>\t\t\t\t\t\t<\/div>\n\t\t\t\t<\/div>\n\t\t\t\t<\/div>\n\t\t<div class=\"elementor-element elementor-element-9e2aa71 e-con-full e-flex e-con e-child\" data-id=\"9e2aa71\" data-element_type=\"container\">\n\t\t\t\t<div class=\"elementor-element elementor-element-d99c1db elementor-pagination-position-outside elementor-widget elementor-widget-image-carousel\" data-id=\"d99c1db\" data-element_type=\"widget\" data-settings=\"{&quot;slides_to_show&quot;:&quot;1&quot;,&quot;navigation&quot;:&quot;dots&quot;,&quot;autoplay&quot;:&quot;yes&quot;,&quot;pause_on_hover&quot;:&quot;yes&quot;,&quot;pause_on_interaction&quot;:&quot;yes&quot;,&quot;autoplay_speed&quot;:5000,&quot;infinite&quot;:&quot;yes&quot;,&quot;effect&quot;:&quot;slide&quot;,&quot;speed&quot;:500}\" data-widget_type=\"image-carousel.default\">\n\t\t\t\t<div class=\"elementor-widget-container\">\n\t\t\t\t\t<div class=\"elementor-image-carousel-wrapper swiper\" dir=\"ltr\">\n\t\t\t<div class=\"elementor-image-carousel swiper-wrapper\" aria-live=\"off\">\n\t\t\t\t\t\t\t\t<div class=\"swiper-slide\" role=\"group\" aria-roledescription=\"slide\" aria-label=\"1 of 1\"><figure class=\"swiper-slide-inner\"><img decoding=\"async\" class=\"swiper-slide-image\" src=\"https:\/\/paulataba.com.ar\/wp-content\/uploads\/2023\/09\/Foto-operacion-finalepaula-tabach.webp\" alt=\"\" \/><\/figure><\/div>\t\t\t<\/div>\n\t\t\t\t\t<\/div>\n\t\t\t\t<\/div>\n\t\t\t\t<\/div>\n\t\t\t\t<\/div>\n\t\t\t\t\t<\/div>\n\t\t\t\t<\/div>\n\t\t<div class=\"elementor-element elementor-element-5db78e7 e-flex e-con-boxed elementor-invisible e-con e-parent\" data-id=\"5db78e7\" data-element_type=\"container\" data-settings=\"{&quot;animation&quot;:&quot;fadeInRight&quot;}\">\n\t\t\t\t\t<div class=\"e-con-inner\">\n\t\t<div class=\"elementor-element elementor-element-16ebb19 e-con-full elementor-hidden-mobile e-flex e-con e-child\" data-id=\"16ebb19\" data-element_type=\"container\">\n\t\t\t\t<div class=\"elementor-element elementor-element-0f2e9c8 elementor-view-default elementor-widget elementor-widget-icon\" data-id=\"0f2e9c8\" data-element_type=\"widget\" data-widget_type=\"icon.default\">\n\t\t\t\t<div class=\"elementor-widget-container\">\n\t\t\t\t\t<div class=\"elementor-icon-wrapper\">\n\t\t\t<a class=\"elementor-icon elementor-animation-grow\" href=\"https:\/\/paulataba.com.ar\/en\/obras-como-actriz\/\">\n\t\t\t<i aria-hidden=\"true\" class=\"fas fa-angle-left\"><\/i>\t\t\t<\/a>\n\t\t<\/div>\n\t\t\t\t<\/div>\n\t\t\t\t<\/div>\n\t\t\t\t<\/div>\n\t\t<div class=\"elementor-element elementor-element-5c98ca8 e-con-full elementor-hidden-mobile e-flex e-con e-child\" data-id=\"5c98ca8\" data-element_type=\"container\">\n\t\t\t\t<div class=\"elementor-element elementor-element-08a278b elementor-widget-divider--view-line elementor-widget elementor-widget-divider\" data-id=\"08a278b\" data-element_type=\"widget\" data-widget_type=\"divider.default\">\n\t\t\t\t<div class=\"elementor-widget-container\">\n\t\t\t\t\t<div class=\"elementor-divider\">\n\t\t\t<span class=\"elementor-divider-separator\">\n\t\t\t\t\t\t<\/span>\n\t\t<\/div>\n\t\t\t\t<\/div>\n\t\t\t\t<\/div>\n\t\t\t\t<\/div>\n\t\t<div class=\"elementor-element elementor-element-b12d33c e-con-full e-flex e-con e-child\" data-id=\"b12d33c\" data-element_type=\"container\">\n\t\t\t\t<\/div>\n\t\t<div class=\"elementor-element elementor-element-feee788 e-con-full e-flex e-con e-child\" data-id=\"feee788\" data-element_type=\"container\">\n\t\t\t\t<div class=\"elementor-element elementor-element-ae3a81c elementor-widget elementor-widget-text-editor\" data-id=\"ae3a81c\" data-element_type=\"widget\" data-widget_type=\"text-editor.default\">\n\t\t\t\t<div class=\"elementor-widget-container\">\n\t\t\t\t\t\t\t<p><strong>About the film<\/strong><\/p><p>American historical drama film following the efforts of Israeli intelligence soldiers to find and capture SS officer Adolf Eichmann in Argentina in 1960.<\/p>\t\t\t\t\t\t<\/div>\n\t\t\t\t<\/div>\n\t\t\t\t<\/div>\n\t\t\t\t\t<\/div>\n\t\t\t\t<\/div>\n\t\t\t\t<\/div>","protected":false},"excerpt":{"rendered":"<p>como actriz Operation finale (2018) Dirigida por Chris Weitz y escrita por Matthew Orton y protagonizada por Oscar Isaac, Ben Kingsley, Lior Raz, M\u00e9lanie Laurent, Nick Kroll y Joe Alwyn.\u00a0 Extra para rodaje en Buenos Aires. Productora: Metro-Goldwyn-Mayer; Automatik Entertainment.\u00a0 Sinopsis de la pel\u00edcula Pel\u00edcula estadounidense de drama hist\u00f3rico que sigue los esfuerzos de los [&hellip;]<\/p>","protected":false},"author":1,"featured_media":0,"parent":164,"menu_order":0,"comment_status":"closed","ping_status":"closed","template":"","meta":{"site-sidebar-layout":"no-sidebar","site-content-layout":"page-builder","ast-site-content-layout":"full-width-container","site-content-style":"default","site-sidebar-style":"default","ast-global-header-display":"","ast-banner-title-visibility":"","ast-main-header-display":"","ast-hfb-above-header-display":"","ast-hfb-below-header-display":"","ast-hfb-mobile-header-display":"","site-post-title":"disabled","ast-breadcrumbs-content":"","ast-featured-img":"disabled","footer-sml-layout":"","theme-transparent-header-meta":"","adv-header-id-meta":"","stick-header-meta":"","header-above-stick-meta":"","header-main-stick-meta":"","header-below-stick-meta":"","astra-migrate-meta-layouts":"set","ast-page-background-enabled":"default","ast-page-background-meta":{"desktop":{"background-color":"var(--ast-global-color-4)","background-image":"","background-repeat":"repeat","background-position":"center center","background-size":"auto","background-attachment":"scroll","background-type":"","background-media":"","overlay-type":"","overlay-color":"","overlay-opacity":"","overlay-gradient":""},"tablet":{"background-color":"","background-image":"","background-repeat":"repeat","background-position":"center center","background-size":"auto","background-attachment":"scroll","background-type":"","background-media":"","overlay-type":"","overlay-color":"","overlay-opacity":"","overlay-gradient":""},"mobile":{"background-color":"","background-image":"","background-repeat":"repeat","background-position":"center center","background-size":"auto","background-attachment":"scroll","background-type":"","background-media":"","overlay-type":"","overlay-color":"","overlay-opacity":"","overlay-gradient":""}},"ast-content-background-meta":{"desktop":{"background-color":"var(--ast-global-color-5)","background-image":"","background-repeat":"repeat","background-position":"center center","background-size":"auto","background-attachment":"scroll","background-type":"","background-media":"","overlay-type":"","overlay-color":"","overlay-opacity":"","overlay-gradient":""},"tablet":{"background-color":"var(--ast-global-color-5)","background-image":"","background-repeat":"repeat","background-position":"center center","background-size":"auto","background-attachment":"scroll","background-type":"","background-media":"","overlay-type":"","overlay-color":"","overlay-opacity":"","overlay-gradient":""},"mobile":{"background-color":"var(--ast-global-color-5)","background-image":"","background-repeat":"repeat","background-position":"center center","background-size":"auto","background-attachment":"scroll","background-type":"","background-media":"","overlay-type":"","overlay-color":"","overlay-opacity":"","overlay-gradient":""}},"footnotes":""},"class_list":["post-500","page","type-page","status-publish","hentry"],"_links":{"self":[{"href":"https:\/\/paulataba.com.ar\/en\/wp-json\/wp\/v2\/pages\/500","targetHints":{"allow":["GET"]}}],"collection":[{"href":"https:\/\/paulataba.com.ar\/en\/wp-json\/wp\/v2\/pages"}],"about":[{"href":"https:\/\/paulataba.com.ar\/en\/wp-json\/wp\/v2\/types\/page"}],"author":[{"embeddable":true,"href":"https:\/\/paulataba.com.ar\/en\/wp-json\/wp\/v2\/users\/1"}],"replies":[{"embeddable":true,"href":"https:\/\/paulataba.com.ar\/en\/wp-json\/wp\/v2\/comments?post=500"}],"version-history":[{"count":49,"href":"https:\/\/paulataba.com.ar\/en\/wp-json\/wp\/v2\/pages\/500\/revisions"}],"predecessor-version":[{"id":1412,"href":"https:\/\/paulataba.com.ar\/en\/wp-json\/wp\/v2\/pages\/500\/revisions\/1412"}],"up":[{"embeddable":true,"href":"https:\/\/paulataba.com.ar\/en\/wp-json\/wp\/v2\/pages\/164"}],"wp:attachment":[{"href":"https:\/\/paulataba.com.ar\/en\/wp-json\/wp\/v2\/media?parent=500"}],"curies":[{"name":"wp","href":"https:\/\/api.w.org\/{rel}","templated":true}]}}