{"id":683,"date":"2023-10-25T19:04:57","date_gmt":"2023-10-25T22:04:57","guid":{"rendered":"http:\/\/paula-tabachnik.local\/?page_id=683"},"modified":"2023-10-30T19:22:07","modified_gmt":"2023-10-30T22:22:07","slug":"juana-h-de-arco-azurduy-de-la-cruz","status":"publish","type":"page","link":"https:\/\/paulataba.com.ar\/en\/obras-como-directora\/juana-h-de-arco-azurduy-de-la-cruz\/","title":{"rendered":"Juana H De Arco Azurduy de la Cruz"},"content":{"rendered":"<div data-elementor-type=\"wp-page\" data-elementor-id=\"683\" class=\"elementor elementor-683\">\n\t\t\t\t<div class=\"elementor-element elementor-element-5c122d6 elementor-hidden-mobile e-flex e-con-boxed e-con e-parent\" data-id=\"5c122d6\" data-element_type=\"container\">\n\t\t\t\t\t<div class=\"e-con-inner\">\n\t\t\t\t<div class=\"elementor-element elementor-element-3ac122a elementor-widget elementor-widget-spacer\" data-id=\"3ac122a\" data-element_type=\"widget\" data-widget_type=\"spacer.default\">\n\t\t\t\t<div class=\"elementor-widget-container\">\n\t\t\t\t\t<div class=\"elementor-spacer\">\n\t\t\t<div class=\"elementor-spacer-inner\"><\/div>\n\t\t<\/div>\n\t\t\t\t<\/div>\n\t\t\t\t<\/div>\n\t\t\t\t\t<\/div>\n\t\t\t\t<\/div>\n\t\t<div class=\"elementor-element elementor-element-179ba9f0 e-flex e-con-boxed elementor-invisible e-con e-parent\" data-id=\"179ba9f0\" data-element_type=\"container\" data-settings=\"{&quot;animation&quot;:&quot;fadeInRight&quot;}\">\n\t\t\t\t\t<div class=\"e-con-inner\">\n\t\t<div class=\"elementor-element elementor-element-6b9ac0d0 e-con-full e-flex e-con e-child\" data-id=\"6b9ac0d0\" data-element_type=\"container\">\n\t\t\t\t<div class=\"elementor-element elementor-element-6024b803 elementor-widget elementor-widget-heading\" data-id=\"6024b803\" data-element_type=\"widget\" data-widget_type=\"heading.default\">\n\t\t\t\t<div class=\"elementor-widget-container\">\n\t\t\t<h1 class=\"elementor-heading-title elementor-size-default\">as a director<\/h1>\t\t<\/div>\n\t\t\t\t<\/div>\n\t\t\t\t<\/div>\n\t\t<div class=\"elementor-element elementor-element-401206a3 e-con-full elementor-hidden-mobile e-flex e-con e-child\" data-id=\"401206a3\" data-element_type=\"container\">\n\t\t\t\t<\/div>\n\t\t<div class=\"elementor-element elementor-element-8ae5546 e-con-full e-flex e-con e-child\" data-id=\"8ae5546\" data-element_type=\"container\">\n\t\t\t\t<div class=\"elementor-element elementor-element-63013c9 elementor-hidden-mobile elementor-widget elementor-widget-spacer\" data-id=\"63013c9\" data-element_type=\"widget\" data-widget_type=\"spacer.default\">\n\t\t\t\t<div class=\"elementor-widget-container\">\n\t\t\t\t\t<div class=\"elementor-spacer\">\n\t\t\t<div class=\"elementor-spacer-inner\"><\/div>\n\t\t<\/div>\n\t\t\t\t<\/div>\n\t\t\t\t<\/div>\n\t\t\t\t<div class=\"elementor-element elementor-element-68b2c22b elementor-widget elementor-widget-heading\" data-id=\"68b2c22b\" data-element_type=\"widget\" data-widget_type=\"heading.default\">\n\t\t\t\t<div class=\"elementor-widget-container\">\n\t\t\t<h3 class=\"elementor-heading-title elementor-size-default\">Juana H. De Arco Azurduy de la Cruz (2009)<\/h3>\t\t<\/div>\n\t\t\t\t<\/div>\n\t\t\t\t<div class=\"elementor-element elementor-element-1644472c elementor-widget elementor-widget-text-editor\" data-id=\"1644472c\" data-element_type=\"widget\" data-widget_type=\"text-editor.default\">\n\t\t\t\t<div class=\"elementor-widget-container\">\n\t\t\t\t\t\t\t<p>Idea: Paula Tabachnik<\/p><p class=\" translation-block\">Shared direction: Paula Tabachnik\/ Lourdes Serrats<br>Author: Norma Ferrari<br>Actors: Santiago Carranza, Maria Laura Dodaro, Lorena Helueni, Mar\u00eda Gabriela Mangone, Lourdes Serrats<br>Assistance and production: Tamara de Lacentre<br><\/p>\t\t\t\t\t\t<\/div>\n\t\t\t\t<\/div>\n\t\t\t\t<\/div>\n\t\t\t\t\t<\/div>\n\t\t\t\t<\/div>\n\t\t<div class=\"elementor-element elementor-element-d453943 e-flex e-con-boxed elementor-invisible e-con e-parent\" data-id=\"d453943\" data-element_type=\"container\" data-settings=\"{&quot;animation&quot;:&quot;fadeInRight&quot;}\">\n\t\t\t\t\t<div class=\"e-con-inner\">\n\t\t<div class=\"elementor-element elementor-element-12cc343 e-con-full elementor-hidden-mobile e-flex e-con e-child\" data-id=\"12cc343\" data-element_type=\"container\">\n\t\t\t\t<div class=\"elementor-element elementor-element-ea6f425 elementor-view-default elementor-widget elementor-widget-icon\" data-id=\"ea6f425\" data-element_type=\"widget\" data-widget_type=\"icon.default\">\n\t\t\t\t<div class=\"elementor-widget-container\">\n\t\t\t\t\t<div class=\"elementor-icon-wrapper\">\n\t\t\t<a class=\"elementor-icon elementor-animation-grow\" href=\"https:\/\/paulataba.com.ar\/en\/obras-como-directora\/\">\n\t\t\t<i aria-hidden=\"true\" class=\"fas fa-angle-left\"><\/i>\t\t\t<\/a>\n\t\t<\/div>\n\t\t\t\t<\/div>\n\t\t\t\t<\/div>\n\t\t\t\t<\/div>\n\t\t<div class=\"elementor-element elementor-element-c833b66 e-con-full elementor-hidden-mobile e-flex e-con e-child\" data-id=\"c833b66\" data-element_type=\"container\">\n\t\t\t\t<div class=\"elementor-element elementor-element-ff6167b elementor-widget-divider--view-line elementor-widget elementor-widget-divider\" data-id=\"ff6167b\" data-element_type=\"widget\" data-widget_type=\"divider.default\">\n\t\t\t\t<div class=\"elementor-widget-container\">\n\t\t\t\t\t<div class=\"elementor-divider\">\n\t\t\t<span class=\"elementor-divider-separator\">\n\t\t\t\t\t\t<\/span>\n\t\t<\/div>\n\t\t\t\t<\/div>\n\t\t\t\t<\/div>\n\t\t\t\t<\/div>\n\t\t<div class=\"elementor-element elementor-element-ad158b3 e-con-full e-flex e-con e-child\" data-id=\"ad158b3\" data-element_type=\"container\">\n\t\t\t\t<\/div>\n\t\t<div class=\"elementor-element elementor-element-274610e e-con-full e-flex e-con e-child\" data-id=\"274610e\" data-element_type=\"container\">\n\t\t\t\t<div class=\"elementor-element elementor-element-274a375 elementor-widget elementor-widget-text-editor\" data-id=\"274a375\" data-element_type=\"widget\" data-widget_type=\"text-editor.default\">\n\t\t\t\t<div class=\"elementor-widget-container\">\n\t\t\t\t\t\t\t<p><strong>About the play<\/strong><\/p><p>A young journalist has obtained confidential information about the economic measures that would be taken in 2001, in Argentina, and is in the dilemma of whether or not to inform the people, since her concern is to prevent them from being scammed by large groups. of power: the government and the media.<\/p><p>The work brings three figures from history to the current moment. Presented are: Joan of Arc, saint and heroine of the Hundred Years' War, who led the French armies to victory in the 15th century, later condemned to the stake, Sor Juana In\u00e9s de la Cruz, the greatest figure of literature Hispanic Americans of the 17th century and Juana Azurduy, a figure of our independence who fought alongside Belgrano and G\u00fcemes.<\/p><p>These women will be, in part, the alter ego of the protagonist at the same time that their career places them as a model before History. The work aims to reflect on the individual's commitment to the society to which he belongs, at the same time that it highlights the plot that the media and economic and political power groups weave to leave the people out.<\/p><p class=\" translation-block\">Costume design: Federico Giroussens<br>Graphic design: Mauro Rossi<br>Actors training: Lihue Vizca\u00edno, Alejandra Torres L\u00f3pez<br>Vocal training: Javier Grosso, La Lopez<br>Music: Cristian Busamia<br>Makeup: Tamara de Lacentre<br>Collaboration: Carlos Miggoni, creator of the Mente Concordia group, Entre Rios.<br>Production: Trigo<br>Coproduction: Mark Guidry<\/p><p>\u00a0<\/p>\t\t\t\t\t\t<\/div>\n\t\t\t\t<\/div>\n\t\t\t\t<\/div>\n\t\t\t\t\t<\/div>\n\t\t\t\t<\/div>\n\t\t\t\t<\/div>","protected":false},"excerpt":{"rendered":"<p>como directora Juana H. De Arco Azurduy de la Cruz (2009) Idea: Paula Tabachnik Direcci\u00f3n compartida: Paula Tabachnik\/ Lourdes SerratsAutora: Norma FerrariActores: Santiago Carranza,\u00a0Maria Laura Dodaro,\u00a0Lorena Helueni,\u00a0Mar\u00eda Gabriela Mangone,\u00a0Lourdes SerratsAsistencia y producci\u00f3n: Tamara de Lacentre Sinopsis de la obra Una joven periodista ha obtenido una informaci\u00f3n confidencial acerca de las medidas econ\u00f3micas que se tomar\u00edan [&hellip;]<\/p>","protected":false},"author":1,"featured_media":0,"parent":166,"menu_order":0,"comment_status":"closed","ping_status":"closed","template":"","meta":{"site-sidebar-layout":"no-sidebar","site-content-layout":"page-builder","ast-site-content-layout":"full-width-container","site-content-style":"default","site-sidebar-style":"default","ast-global-header-display":"","ast-banner-title-visibility":"","ast-main-header-display":"","ast-hfb-above-header-display":"","ast-hfb-below-header-display":"","ast-hfb-mobile-header-display":"","site-post-title":"disabled","ast-breadcrumbs-content":"","ast-featured-img":"disabled","footer-sml-layout":"","theme-transparent-header-meta":"","adv-header-id-meta":"","stick-header-meta":"","header-above-stick-meta":"","header-main-stick-meta":"","header-below-stick-meta":"","astra-migrate-meta-layouts":"set","ast-page-background-enabled":"default","ast-page-background-meta":{"desktop":{"background-color":"var(--ast-global-color-4)","background-image":"","background-repeat":"repeat","background-position":"center center","background-size":"auto","background-attachment":"scroll","background-type":"","background-media":"","overlay-type":"","overlay-color":"","overlay-opacity":"","overlay-gradient":""},"tablet":{"background-color":"","background-image":"","background-repeat":"repeat","background-position":"center center","background-size":"auto","background-attachment":"scroll","background-type":"","background-media":"","overlay-type":"","overlay-color":"","overlay-opacity":"","overlay-gradient":""},"mobile":{"background-color":"","background-image":"","background-repeat":"repeat","background-position":"center center","background-size":"auto","background-attachment":"scroll","background-type":"","background-media":"","overlay-type":"","overlay-color":"","overlay-opacity":"","overlay-gradient":""}},"ast-content-background-meta":{"desktop":{"background-color":"var(--ast-global-color-5)","background-image":"","background-repeat":"repeat","background-position":"center center","background-size":"auto","background-attachment":"scroll","background-type":"","background-media":"","overlay-type":"","overlay-color":"","overlay-opacity":"","overlay-gradient":""},"tablet":{"background-color":"var(--ast-global-color-5)","background-image":"","background-repeat":"repeat","background-position":"center center","background-size":"auto","background-attachment":"scroll","background-type":"","background-media":"","overlay-type":"","overlay-color":"","overlay-opacity":"","overlay-gradient":""},"mobile":{"background-color":"var(--ast-global-color-5)","background-image":"","background-repeat":"repeat","background-position":"center center","background-size":"auto","background-attachment":"scroll","background-type":"","background-media":"","overlay-type":"","overlay-color":"","overlay-opacity":"","overlay-gradient":""}},"footnotes":""},"class_list":["post-683","page","type-page","status-publish","hentry"],"_links":{"self":[{"href":"https:\/\/paulataba.com.ar\/en\/wp-json\/wp\/v2\/pages\/683","targetHints":{"allow":["GET"]}}],"collection":[{"href":"https:\/\/paulataba.com.ar\/en\/wp-json\/wp\/v2\/pages"}],"about":[{"href":"https:\/\/paulataba.com.ar\/en\/wp-json\/wp\/v2\/types\/page"}],"author":[{"embeddable":true,"href":"https:\/\/paulataba.com.ar\/en\/wp-json\/wp\/v2\/users\/1"}],"replies":[{"embeddable":true,"href":"https:\/\/paulataba.com.ar\/en\/wp-json\/wp\/v2\/comments?post=683"}],"version-history":[{"count":31,"href":"https:\/\/paulataba.com.ar\/en\/wp-json\/wp\/v2\/pages\/683\/revisions"}],"predecessor-version":[{"id":1424,"href":"https:\/\/paulataba.com.ar\/en\/wp-json\/wp\/v2\/pages\/683\/revisions\/1424"}],"up":[{"embeddable":true,"href":"https:\/\/paulataba.com.ar\/en\/wp-json\/wp\/v2\/pages\/166"}],"wp:attachment":[{"href":"https:\/\/paulataba.com.ar\/en\/wp-json\/wp\/v2\/media?parent=683"}],"curies":[{"name":"wp","href":"https:\/\/api.w.org\/{rel}","templated":true}]}}