{"id":79,"date":"2023-07-20T18:20:11","date_gmt":"2023-07-20T21:20:11","guid":{"rendered":"http:\/\/paula-tabachnik.local\/?page_id=79"},"modified":"2023-12-04T22:12:45","modified_gmt":"2023-12-05T01:12:45","slug":"bio","status":"publish","type":"page","link":"https:\/\/paulataba.com.ar\/en\/bio\/","title":{"rendered":"Bio"},"content":{"rendered":"<div data-elementor-type=\"wp-page\" data-elementor-id=\"79\" class=\"elementor elementor-79\">\n\t\t\t\t<div class=\"elementor-element elementor-element-3feb113 e-flex e-con-boxed e-con e-parent\" data-id=\"3feb113\" data-element_type=\"container\">\n\t\t\t\t\t<div class=\"e-con-inner\">\n\t\t<div class=\"elementor-element elementor-element-71151e6 e-con-full e-flex e-con e-child\" data-id=\"71151e6\" data-element_type=\"container\">\n\t\t\t\t<div class=\"elementor-element elementor-element-776ae07 elementor-widget elementor-widget-heading\" data-id=\"776ae07\" data-element_type=\"widget\" data-widget_type=\"heading.default\">\n\t\t\t\t<div class=\"elementor-widget-container\">\n\t\t\t<h1 class=\"elementor-heading-title elementor-size-default\">Bio<\/h1>\t\t<\/div>\n\t\t\t\t<\/div>\n\t\t\t\t<\/div>\n\t\t<div class=\"elementor-element elementor-element-d289d7a e-con-full e-flex e-con e-child\" data-id=\"d289d7a\" data-element_type=\"container\" data-settings=\"{&quot;shape_divider_top&quot;:&quot;pyramids&quot;}\">\n\t\t\t\t<div class=\"elementor-shape elementor-shape-top\" data-negative=\"false\">\n\t\t\t<svg xmlns=\"http:\/\/www.w3.org\/2000\/svg\" viewbox=\"0 0 1000 100\" preserveaspectratio=\"none\">\n\t<path class=\"elementor-shape-fill\" d=\"M761.9,44.1L643.1,27.2L333.8,98L0,3.8V0l1000,0v3.9\"\/>\n<\/svg>\t\t<\/div>\n\t\t\t\t<div class=\"elementor-element elementor-element-ebf3da3 elementor-hidden-mobile elementor-widget elementor-widget-spacer\" data-id=\"ebf3da3\" data-element_type=\"widget\" data-widget_type=\"spacer.default\">\n\t\t\t\t<div class=\"elementor-widget-container\">\n\t\t\t\t\t<div class=\"elementor-spacer\">\n\t\t\t<div class=\"elementor-spacer-inner\"><\/div>\n\t\t<\/div>\n\t\t\t\t<\/div>\n\t\t\t\t<\/div>\n\t\t\t\t<div class=\"elementor-element elementor-element-43adcba7 elementor-widget elementor-widget-text-editor\" data-id=\"43adcba7\" data-element_type=\"widget\" data-widget_type=\"text-editor.default\">\n\t\t\t\t<div class=\"elementor-widget-container\">\n\t\t\t\t\t\t\t<p class=\" translation-block\"><strong>Director, actress and theater teacher.<\/strong> Master in Stage Direction (UNICEN) and Graduate in Acting (UNA). Her profession has taken her to various cities and countries. In Japan she specialized in the Suzuki Method of Actor Training. She is co-founder and co-director of Baco Compa\u00f1\u00eda Teatral and co-manager of the DICAB artistic studio. Her research focus delves into the dynamics between training and assembly. She is currently a Regular Professor in the subject Direction and Staging I and II at the UNRN in San Carlos de Bariloche.<\/p>\t\t\t\t\t\t<\/div>\n\t\t\t\t<\/div>\n\t\t\t\t<\/div>\n\t\t\t\t\t<\/div>\n\t\t\t\t<\/div>\n\t\t<div class=\"elementor-element elementor-element-e6263b9 e-flex e-con-boxed e-con e-parent\" data-id=\"e6263b9\" data-element_type=\"container\">\n\t\t\t\t\t<div class=\"e-con-inner\">\n\t\t\t\t<div class=\"elementor-element elementor-element-5a41bfb elementor-widget-divider--view-line elementor-widget elementor-widget-divider\" data-id=\"5a41bfb\" data-element_type=\"widget\" data-widget_type=\"divider.default\">\n\t\t\t\t<div class=\"elementor-widget-container\">\n\t\t\t\t\t<div class=\"elementor-divider\">\n\t\t\t<span class=\"elementor-divider-separator\">\n\t\t\t\t\t\t<\/span>\n\t\t<\/div>\n\t\t\t\t<\/div>\n\t\t\t\t<\/div>\n\t\t\t\t\t<\/div>\n\t\t\t\t<\/div>\n\t\t<div class=\"elementor-element elementor-element-73d1e979 e-flex e-con-boxed e-con e-parent\" data-id=\"73d1e979\" data-element_type=\"container\">\n\t\t\t\t\t<div class=\"e-con-inner\">\n\t\t<div class=\"elementor-element elementor-element-32fed2ca e-con-full e-flex e-con e-child\" data-id=\"32fed2ca\" data-element_type=\"container\">\n\t\t<div class=\"elementor-element elementor-element-2623f9e1 e-flex e-con-boxed e-con e-child\" data-id=\"2623f9e1\" data-element_type=\"container\">\n\t\t\t\t\t<div class=\"e-con-inner\">\n\t\t\t\t<div class=\"elementor-element elementor-element-180ee75e elementor-widget elementor-widget-spacer\" data-id=\"180ee75e\" data-element_type=\"widget\" data-widget_type=\"spacer.default\">\n\t\t\t\t<div class=\"elementor-widget-container\">\n\t\t\t\t\t<div class=\"elementor-spacer\">\n\t\t\t<div class=\"elementor-spacer-inner\"><\/div>\n\t\t<\/div>\n\t\t\t\t<\/div>\n\t\t\t\t<\/div>\n\t\t\t\t\t<\/div>\n\t\t\t\t<\/div>\n\t\t<div class=\"elementor-element elementor-element-70e1e171 e-flex e-con-boxed e-con e-child\" data-id=\"70e1e171\" data-element_type=\"container\">\n\t\t\t\t\t<div class=\"e-con-inner\">\n\t\t\t\t<div class=\"elementor-element elementor-element-6c7a0513 elementor-widget elementor-widget-text-editor\" data-id=\"6c7a0513\" data-element_type=\"widget\" data-widget_type=\"text-editor.default\">\n\t\t\t\t<div class=\"elementor-widget-container\">\n\t\t\t\t\t\t\t<p>&#8220;Mis comienzos en danza tuvieron lugar en Israel, en donde viv\u00ed durante algunos a\u00f1os. Al regresar a Argentina, comenc\u00e9 a estudiar teatro en Concordia, mi ciudad natal. Mis trayectos por la actuaci\u00f3n, la docencia, la direcci\u00f3n esc\u00e9nica y la producci\u00f3n me han llevado<br \/>por diversas ciudades de Argentina y pa\u00edses como Jap\u00f3n y Estados Unidos. Tambi\u00e9n me desempe\u00f1\u00e9 como timonel por los mares del caribe durante alg\u00fan tiempo.<\/p><p>I have a Master's degree in Stage Direction from the Tandil Faculty of Arts and a Bachelor's degree in Acting from the IUNA. Since 1999, she has practiced and researched the Suzuki Acting Method, along with Kameron Steele and Tadashi Suzuki himself and SCOT. She took seminars with the Siti Company, New York (Director Anne Bogart). I also provided artistic assistance to directors and theater companies, such as the Robert Wilson company (USA), Menos Fortas (Lithuania), and Augusto Boal (Brazil).<\/p><p>Me dedico tambi\u00e9n al dictado de talleres de entrenamiento actoral\/esc\u00e9nico desde hace m\u00e1s de veinte a\u00f1os, los cuales me han llevado por distintas provincias de Argentina. Las metodolog\u00edas principales son Gaga (Ohad Naharin, Israel), Suzuki (Tadashi Suzuki Jap\u00f3n), Viewpoints (Anne Bogart (USA) y Antropolog\u00eda Teatral Barbiana.<\/p><p>Actualmente act\u00fao en la obra \u201cGesta\u201d de Ignacio Apolo, con la direcci\u00f3n de Claudio Martinez Bel y en cines con \u201cFragmentada\u201d, de Facunda Escudero Salinas, Pensilvania Films. Tambi\u00e9n tuve la oportunidad de participar en publicidades y en roles secundarios en<br \/>proyectos audiovisuales independientes, para canal Encuentro en una ficci\u00f3n documental y en la pel\u00edcula \u201cOperation finale\u201d de Cris Weis, filmada en parte en la ciudad de Bariloche. Tambi\u00e9n trabaj\u00e9 y entren\u00e9 con referentes como Diego Starosta, Marcelo Katz, Javier Rama,<br \/>Martin Salaz\u00e1r, Guillermo Cacace, Marcelo Savignone, Hugo Aristimu\u00f1o.<\/p><p>Tengo un muy buen nivel de entrenamiento f\u00edsico y vocal, as\u00ed como en el g\u00e9nero de la comedia y la tragedia, por lo que puedo encarar diversos desaf\u00edos en el campo de la actuaci\u00f3n.<\/p><p>En 2015 fund\u00e9, junto a Lihue Vizca\u00edno, Baco Compa\u00f1\u00eda Teatral. Fui durante el 2019 la Directora de la Licenciatura en Arte Dram\u00e1tico de la Universidad Nacional de R\u00edo Negro, donde tambi\u00e9n me desempe\u00f1o como Profesora Adjunta en las asignaturas Actuaci\u00f3n III y Direcci\u00f3n y Puesta en Escena I y II.<\/p><p>Dirig\u00ed \u201cHamlet. Herencia de la carne\u201d, con Baco Compa\u00f1\u00eda Teatral, obra ganadora del Primer Premio en la 28\u00b0 Fiesta Provincial de Teatro de R\u00edo Negro. Y \u201cCuenca. Todo debajo\u201d, obra basada en la historia de Melchora Cuenca, escrita por Marta Cot, ganadora de la 36\u00b0 Fiesta Provincial de Entre R\u00edos.<span style=\"font-size: 16px;\">&#8220;<\/span><\/p>\t\t\t\t\t\t<\/div>\n\t\t\t\t<\/div>\n\t\t\t\t\t<\/div>\n\t\t\t\t<\/div>\n\t\t\t\t<\/div>\n\t\t<div class=\"elementor-element elementor-element-1ef18ebf e-con-full e-flex e-con e-child\" data-id=\"1ef18ebf\" data-element_type=\"container\">\n\t\t\t\t<div class=\"elementor-element elementor-element-393be0ed elementor-widget elementor-widget-spacer\" data-id=\"393be0ed\" data-element_type=\"widget\" data-widget_type=\"spacer.default\">\n\t\t\t\t<div class=\"elementor-widget-container\">\n\t\t\t\t\t<div class=\"elementor-spacer\">\n\t\t\t<div class=\"elementor-spacer-inner\"><\/div>\n\t\t<\/div>\n\t\t\t\t<\/div>\n\t\t\t\t<\/div>\n\t\t\t\t<div class=\"elementor-element elementor-element-1c2dc4c elementor-widget elementor-widget-image\" data-id=\"1c2dc4c\" data-element_type=\"widget\" data-widget_type=\"image.default\">\n\t\t\t\t<div class=\"elementor-widget-container\">\n\t\t\t\t\t\t\t\t\t\t\t\t\t<img fetchpriority=\"high\" decoding=\"async\" width=\"943\" height=\"1024\" src=\"https:\/\/paulataba.com.ar\/wp-content\/uploads\/2023\/12\/Paula-primer-plano-943x1024.jpeg\" class=\"attachment-large size-large wp-image-1450\" alt=\"\" srcset=\"https:\/\/paulataba.com.ar\/wp-content\/uploads\/2023\/12\/Paula-primer-plano-943x1024.jpeg 943w, https:\/\/paulataba.com.ar\/wp-content\/uploads\/2023\/12\/Paula-primer-plano-276x300.jpeg 276w, https:\/\/paulataba.com.ar\/wp-content\/uploads\/2023\/12\/Paula-primer-plano-768x834.jpeg 768w, https:\/\/paulataba.com.ar\/wp-content\/uploads\/2023\/12\/Paula-primer-plano-11x12.jpeg 11w, https:\/\/paulataba.com.ar\/wp-content\/uploads\/2023\/12\/Paula-primer-plano.jpeg 1025w\" sizes=\"(max-width: 943px) 100vw, 943px\" \/>\t\t\t\t\t\t\t\t\t\t\t\t\t<\/div>\n\t\t\t\t<\/div>\n\t\t\t\t<\/div>\n\t\t\t\t\t<\/div>\n\t\t\t\t<\/div>\n\t\t\t\t<\/div>","protected":false},"excerpt":{"rendered":"<p>Bio Directora, actriz y docente de teatro. Magister en Direcci\u00f3n Esc\u00e9nica (UNICEN) y Licenciada en Actuaci\u00f3n (UNA). Su profesi\u00f3n la ha llevado por diversas ciudades y pa\u00edses. En Jap\u00f3n se especializ\u00f3 en el M\u00e9todo de Entrenamiento Actoral Suzuki. Co-fundadora y co-directora de Baco Compa\u00f1\u00eda Teatral y co-gestora del Estudio art\u00edstico DICAB. Su eje de investigaci\u00f3n [&hellip;]<\/p>","protected":false},"author":1,"featured_media":0,"parent":0,"menu_order":5,"comment_status":"closed","ping_status":"closed","template":"","meta":{"site-sidebar-layout":"no-sidebar","site-content-layout":"page-builder","ast-site-content-layout":"full-width-container","site-content-style":"unboxed","site-sidebar-style":"unboxed","ast-global-header-display":"","ast-banner-title-visibility":"","ast-main-header-display":"","ast-hfb-above-header-display":"","ast-hfb-below-header-display":"","ast-hfb-mobile-header-display":"","site-post-title":"disabled","ast-breadcrumbs-content":"","ast-featured-img":"disabled","footer-sml-layout":"","theme-transparent-header-meta":"","adv-header-id-meta":"","stick-header-meta":"","header-above-stick-meta":"","header-main-stick-meta":"","header-below-stick-meta":"","astra-migrate-meta-layouts":"set","ast-page-background-enabled":"default","ast-page-background-meta":{"desktop":{"background-color":"var(--ast-global-color-4)","background-image":"","background-repeat":"repeat","background-position":"center center","background-size":"auto","background-attachment":"scroll","background-type":"","background-media":"","overlay-type":"","overlay-color":"","overlay-opacity":"","overlay-gradient":""},"tablet":{"background-color":"","background-image":"","background-repeat":"repeat","background-position":"center center","background-size":"auto","background-attachment":"scroll","background-type":"","background-media":"","overlay-type":"","overlay-color":"","overlay-opacity":"","overlay-gradient":""},"mobile":{"background-color":"","background-image":"","background-repeat":"repeat","background-position":"center center","background-size":"auto","background-attachment":"scroll","background-type":"","background-media":"","overlay-type":"","overlay-color":"","overlay-opacity":"","overlay-gradient":""}},"ast-content-background-meta":{"desktop":{"background-color":"var(--ast-global-color-5)","background-image":"","background-repeat":"repeat","background-position":"center center","background-size":"auto","background-attachment":"scroll","background-type":"","background-media":"","overlay-type":"","overlay-color":"","overlay-opacity":"","overlay-gradient":""},"tablet":{"background-color":"var(--ast-global-color-5)","background-image":"","background-repeat":"repeat","background-position":"center center","background-size":"auto","background-attachment":"scroll","background-type":"","background-media":"","overlay-type":"","overlay-color":"","overlay-opacity":"","overlay-gradient":""},"mobile":{"background-color":"var(--ast-global-color-5)","background-image":"","background-repeat":"repeat","background-position":"center center","background-size":"auto","background-attachment":"scroll","background-type":"","background-media":"","overlay-type":"","overlay-color":"","overlay-opacity":"","overlay-gradient":""}},"footnotes":""},"class_list":["post-79","page","type-page","status-publish","hentry"],"_links":{"self":[{"href":"https:\/\/paulataba.com.ar\/en\/wp-json\/wp\/v2\/pages\/79","targetHints":{"allow":["GET"]}}],"collection":[{"href":"https:\/\/paulataba.com.ar\/en\/wp-json\/wp\/v2\/pages"}],"about":[{"href":"https:\/\/paulataba.com.ar\/en\/wp-json\/wp\/v2\/types\/page"}],"author":[{"embeddable":true,"href":"https:\/\/paulataba.com.ar\/en\/wp-json\/wp\/v2\/users\/1"}],"replies":[{"embeddable":true,"href":"https:\/\/paulataba.com.ar\/en\/wp-json\/wp\/v2\/comments?post=79"}],"version-history":[{"count":49,"href":"https:\/\/paulataba.com.ar\/en\/wp-json\/wp\/v2\/pages\/79\/revisions"}],"predecessor-version":[{"id":1453,"href":"https:\/\/paulataba.com.ar\/en\/wp-json\/wp\/v2\/pages\/79\/revisions\/1453"}],"wp:attachment":[{"href":"https:\/\/paulataba.com.ar\/en\/wp-json\/wp\/v2\/media?parent=79"}],"curies":[{"name":"wp","href":"https:\/\/api.w.org\/{rel}","templated":true}]}}