{"id":875,"date":"2023-10-28T15:01:52","date_gmt":"2023-10-28T18:01:52","guid":{"rendered":"http:\/\/paula-tabachnik.local\/?page_id=875"},"modified":"2023-12-04T22:35:45","modified_gmt":"2023-12-05T01:35:45","slug":"fragmentada","status":"publish","type":"page","link":"https:\/\/paulataba.com.ar\/en\/obras-como-actriz\/fragmentada\/","title":{"rendered":"Fragmentada"},"content":{"rendered":"<div data-elementor-type=\"wp-page\" data-elementor-id=\"875\" class=\"elementor elementor-875\">\n\t\t\t\t<div class=\"elementor-element elementor-element-152371f elementor-hidden-mobile e-flex e-con-boxed e-con e-parent\" data-id=\"152371f\" data-element_type=\"container\">\n\t\t\t\t\t<div class=\"e-con-inner\">\n\t\t\t\t<div class=\"elementor-element elementor-element-060b8c2 elementor-widget elementor-widget-spacer\" data-id=\"060b8c2\" data-element_type=\"widget\" data-widget_type=\"spacer.default\">\n\t\t\t\t<div class=\"elementor-widget-container\">\n\t\t\t\t\t<div class=\"elementor-spacer\">\n\t\t\t<div class=\"elementor-spacer-inner\"><\/div>\n\t\t<\/div>\n\t\t\t\t<\/div>\n\t\t\t\t<\/div>\n\t\t\t\t\t<\/div>\n\t\t\t\t<\/div>\n\t\t<div class=\"elementor-element elementor-element-ec4e7ff e-flex e-con-boxed elementor-invisible e-con e-parent\" data-id=\"ec4e7ff\" data-element_type=\"container\" data-settings=\"{&quot;animation&quot;:&quot;fadeInRight&quot;}\">\n\t\t\t\t\t<div class=\"e-con-inner\">\n\t\t<div class=\"elementor-element elementor-element-36b4c99 e-con-full e-flex e-con e-child\" data-id=\"36b4c99\" data-element_type=\"container\">\n\t\t\t\t<div class=\"elementor-element elementor-element-abfa76e elementor-widget elementor-widget-heading\" data-id=\"abfa76e\" data-element_type=\"widget\" data-widget_type=\"heading.default\">\n\t\t\t\t<div class=\"elementor-widget-container\">\n\t\t\t<h1 class=\"elementor-heading-title elementor-size-default\">as an actress<\/h1>\t\t<\/div>\n\t\t\t\t<\/div>\n\t\t\t\t<\/div>\n\t\t<div class=\"elementor-element elementor-element-8443c03 e-con-full e-flex e-con e-child\" data-id=\"8443c03\" data-element_type=\"container\">\n\t\t\t\t<\/div>\n\t\t<div class=\"elementor-element elementor-element-59d35b8 e-con-full e-flex e-con e-child\" data-id=\"59d35b8\" data-element_type=\"container\">\n\t\t\t\t<div class=\"elementor-element elementor-element-63a297d elementor-widget elementor-widget-video\" data-id=\"63a297d\" data-element_type=\"widget\" data-settings=\"{&quot;youtube_url&quot;:&quot;https:\\\/\\\/www.youtube.com\\\/watch?v=d_jHS73DF5U&amp;ab_channel=PaulaTabachnik&quot;,&quot;lazy_load&quot;:&quot;yes&quot;,&quot;show_image_overlay&quot;:&quot;yes&quot;,&quot;image_overlay&quot;:{&quot;url&quot;:&quot;https:\\\/\\\/paulataba.com.ar\\\/wp-content\\\/uploads\\\/2023\\\/10\\\/fragmentada-paula-tabachnik.webp&quot;,&quot;id&quot;:756,&quot;size&quot;:&quot;&quot;,&quot;alt&quot;:&quot;&quot;,&quot;source&quot;:&quot;library&quot;},&quot;video_type&quot;:&quot;youtube&quot;}\" data-widget_type=\"video.default\">\n\t\t\t\t<div class=\"elementor-widget-container\">\n\t\t\t\t\t<div class=\"elementor-wrapper elementor-open-inline\">\n\t\t\t<div class=\"elementor-video\"><\/div>\t\t\t\t<div class=\"elementor-custom-embed-image-overlay\" style=\"background-image: url(https:\/\/paulataba.com.ar\/wp-content\/uploads\/2023\/10\/fragmentada-paula-tabachnik.webp);\">\n\t\t\t\t\t\t\t\t\t\t\t\t\t\t\t\t<div class=\"elementor-custom-embed-play\" role=\"button\" aria-label=\"Play Video\" tabindex=\"0\">\n\t\t\t\t\t\t\t<i aria-hidden=\"true\" class=\"eicon-play\"><\/i>\t\t\t\t\t\t\t<span class=\"elementor-screen-only\">Play Video<\/span>\n\t\t\t\t\t\t<\/div>\n\t\t\t\t\t\t\t\t\t<\/div>\n\t\t\t\t\t<\/div>\n\t\t\t\t<\/div>\n\t\t\t\t<\/div>\n\t\t\t\t<div class=\"elementor-element elementor-element-9e4f991 elementor-widget elementor-widget-spacer\" data-id=\"9e4f991\" data-element_type=\"widget\" data-widget_type=\"spacer.default\">\n\t\t\t\t<div class=\"elementor-widget-container\">\n\t\t\t\t\t<div class=\"elementor-spacer\">\n\t\t\t<div class=\"elementor-spacer-inner\"><\/div>\n\t\t<\/div>\n\t\t\t\t<\/div>\n\t\t\t\t<\/div>\n\t\t\t\t<\/div>\n\t\t\t\t\t<\/div>\n\t\t\t\t<\/div>\n\t\t<div class=\"elementor-element elementor-element-3eb29c9 e-flex e-con-boxed elementor-invisible e-con e-parent\" data-id=\"3eb29c9\" data-element_type=\"container\" data-settings=\"{&quot;animation&quot;:&quot;fadeInRight&quot;}\">\n\t\t\t\t\t<div class=\"e-con-inner\">\n\t\t<div class=\"elementor-element elementor-element-3bc8454 e-con-full elementor-hidden-mobile e-flex e-con e-child\" data-id=\"3bc8454\" data-element_type=\"container\">\n\t\t\t\t<div class=\"elementor-element elementor-element-18508e6 elementor-view-default elementor-widget elementor-widget-icon\" data-id=\"18508e6\" data-element_type=\"widget\" data-widget_type=\"icon.default\">\n\t\t\t\t<div class=\"elementor-widget-container\">\n\t\t\t\t\t<div class=\"elementor-icon-wrapper\">\n\t\t\t<a class=\"elementor-icon elementor-animation-grow\" href=\"https:\/\/paulataba.com.ar\/en\/obras-como-actriz\/\">\n\t\t\t<i aria-hidden=\"true\" class=\"fas fa-angle-left\"><\/i>\t\t\t<\/a>\n\t\t<\/div>\n\t\t\t\t<\/div>\n\t\t\t\t<\/div>\n\t\t\t\t<\/div>\n\t\t<div class=\"elementor-element elementor-element-87ce292 e-con-full elementor-hidden-mobile e-flex e-con e-child\" data-id=\"87ce292\" data-element_type=\"container\">\n\t\t\t\t<div class=\"elementor-element elementor-element-535295a elementor-widget-divider--view-line elementor-widget elementor-widget-divider\" data-id=\"535295a\" data-element_type=\"widget\" data-widget_type=\"divider.default\">\n\t\t\t\t<div class=\"elementor-widget-container\">\n\t\t\t\t\t<div class=\"elementor-divider\">\n\t\t\t<span class=\"elementor-divider-separator\">\n\t\t\t\t\t\t<\/span>\n\t\t<\/div>\n\t\t\t\t<\/div>\n\t\t\t\t<\/div>\n\t\t\t\t<\/div>\n\t\t<div class=\"elementor-element elementor-element-534ab22 e-con-full e-flex e-con e-child\" data-id=\"534ab22\" data-element_type=\"container\">\n\t\t\t\t<\/div>\n\t\t<div class=\"elementor-element elementor-element-a688274 e-con-full e-flex e-con e-child\" data-id=\"a688274\" data-element_type=\"container\">\n\t\t\t\t<div class=\"elementor-element elementor-element-56aba62 elementor-widget elementor-widget-heading\" data-id=\"56aba62\" data-element_type=\"widget\" data-widget_type=\"heading.default\">\n\t\t\t\t<div class=\"elementor-widget-container\">\n\t\t\t<h3 class=\"elementor-heading-title elementor-size-default\">Film \/ Fragmentada (2023)<\/h3>\t\t<\/div>\n\t\t\t\t<\/div>\n\t\t\t\t<div class=\"elementor-element elementor-element-8949850 elementor-widget elementor-widget-text-editor\" data-id=\"8949850\" data-element_type=\"widget\" data-widget_type=\"text-editor.default\">\n\t\t\t\t<div class=\"elementor-widget-container\">\n\t\t\t\t\t\t\t<p>Argentina-Uruguay \/ 2023<\/p><p>Guion y direcci\u00f3n: Facundo Escudero Salinas<br \/>Fotograf\u00eda: Fernando Lorenzale<br \/>M\u00fasica: Pablo Benjam\u00edn<br \/>Edici\u00f3n: Dami\u00e1n Tetelbaum<br \/>Elenco: Jazm\u00edn Stuart, C\u00e9sar Bord\u00f3n, Beatriz Spelzini, Juana Bosco, Paula Tabachnik, Diego Quiroz<\/p>\t\t\t\t\t\t<\/div>\n\t\t\t\t<\/div>\n\t\t\t\t<\/div>\n\t\t<div class=\"elementor-element elementor-element-d1bbec1 e-con-full e-flex e-con e-child\" data-id=\"d1bbec1\" data-element_type=\"container\">\n\t\t\t\t<div class=\"elementor-element elementor-element-ba97f43 elementor-widget__width-initial elementor-pagination-position-outside elementor-widget elementor-widget-image-carousel\" data-id=\"ba97f43\" data-element_type=\"widget\" data-settings=\"{&quot;slides_to_show&quot;:&quot;1&quot;,&quot;navigation&quot;:&quot;dots&quot;,&quot;autoplay&quot;:&quot;yes&quot;,&quot;pause_on_hover&quot;:&quot;yes&quot;,&quot;pause_on_interaction&quot;:&quot;yes&quot;,&quot;autoplay_speed&quot;:5000,&quot;infinite&quot;:&quot;yes&quot;,&quot;effect&quot;:&quot;slide&quot;,&quot;speed&quot;:500}\" data-widget_type=\"image-carousel.default\">\n\t\t\t\t<div class=\"elementor-widget-container\">\n\t\t\t\t\t<div class=\"elementor-image-carousel-wrapper swiper\" dir=\"ltr\">\n\t\t\t<div class=\"elementor-image-carousel swiper-wrapper\" aria-live=\"off\">\n\t\t\t\t\t\t\t\t<div class=\"swiper-slide\" role=\"group\" aria-roledescription=\"slide\" aria-label=\"1 of 3\"><figure class=\"swiper-slide-inner\"><img decoding=\"async\" class=\"swiper-slide-image\" src=\"https:\/\/paulataba.com.ar\/wp-content\/uploads\/2023\/10\/fragmentada-paula-tabachnik-4.webp\" alt=\"\" \/><\/figure><\/div><div class=\"swiper-slide\" role=\"group\" aria-roledescription=\"slide\" aria-label=\"2 of 3\"><figure class=\"swiper-slide-inner\"><img decoding=\"async\" class=\"swiper-slide-image\" src=\"https:\/\/paulataba.com.ar\/wp-content\/uploads\/2023\/10\/fragmentada-1.webp\" alt=\"\" \/><\/figure><\/div><div class=\"swiper-slide\" role=\"group\" aria-roledescription=\"slide\" aria-label=\"3 of 3\"><figure class=\"swiper-slide-inner\"><img decoding=\"async\" class=\"swiper-slide-image\" src=\"https:\/\/paulataba.com.ar\/wp-content\/uploads\/2023\/10\/fragmentada-2.webp\" alt=\"\" \/><\/figure><\/div>\t\t\t<\/div>\n\t\t\t\t\t\t\t\n\t\t\t\t\t\t\t\t\t<div class=\"swiper-pagination\"><\/div>\n\t\t\t\t\t\t\t\t\t<\/div>\n\t\t\t\t<\/div>\n\t\t\t\t<\/div>\n\t\t\t\t<\/div>\n\t\t\t\t\t<\/div>\n\t\t\t\t<\/div>\n\t\t<div class=\"elementor-element elementor-element-73ad44f e-flex e-con-boxed elementor-invisible e-con e-parent\" data-id=\"73ad44f\" data-element_type=\"container\" data-settings=\"{&quot;animation&quot;:&quot;fadeInRight&quot;}\">\n\t\t\t\t\t<div class=\"e-con-inner\">\n\t\t<div class=\"elementor-element elementor-element-55cb965 e-con-full e-flex e-con e-child\" data-id=\"55cb965\" data-element_type=\"container\">\n\t\t\t\t<\/div>\n\t\t<div class=\"elementor-element elementor-element-5879a46 e-con-full e-flex e-con e-child\" data-id=\"5879a46\" data-element_type=\"container\">\n\t\t\t\t<\/div>\n\t\t<div class=\"elementor-element elementor-element-60d6961 e-con-full e-flex e-con e-child\" data-id=\"60d6961\" data-element_type=\"container\">\n\t\t\t\t<\/div>\n\t\t<div class=\"elementor-element elementor-element-48ccbc3 e-con-full e-flex e-con e-child\" data-id=\"48ccbc3\" data-element_type=\"container\">\n\t\t\t\t<div class=\"elementor-element elementor-element-5d067f8 elementor-widget elementor-widget-text-editor\" data-id=\"5d067f8\" data-element_type=\"widget\" data-widget_type=\"text-editor.default\">\n\t\t\t\t<div class=\"elementor-widget-container\">\n\t\t\t\t\t\t\t<p><strong>About the film<\/strong><\/p><p>Irina, a police officer, returns to Patagonia to take care of her mother. However, the murder of an old friend\u2019s daughter leads her to become involved in a case that seems to be ignored by everyone and that hides the dark secrets of the town, risking her life and that of her own daughter in danger.<\/p>\t\t\t\t\t\t<\/div>\n\t\t\t\t<\/div>\n\t\t\t\t<\/div>\n\t\t\t\t\t<\/div>\n\t\t\t\t<\/div>\n\t\t<div class=\"elementor-element elementor-element-4aa426d e-flex e-con-boxed e-con e-parent\" data-id=\"4aa426d\" data-element_type=\"container\">\n\t\t\t\t\t<div class=\"e-con-inner\">\n\t\t\t\t<div class=\"elementor-element elementor-element-d29cb6c elementor-widget elementor-widget-spacer\" data-id=\"d29cb6c\" data-element_type=\"widget\" data-widget_type=\"spacer.default\">\n\t\t\t\t<div class=\"elementor-widget-container\">\n\t\t\t\t\t<div class=\"elementor-spacer\">\n\t\t\t<div class=\"elementor-spacer-inner\"><\/div>\n\t\t<\/div>\n\t\t\t\t<\/div>\n\t\t\t\t<\/div>\n\t\t\t\t\t<\/div>\n\t\t\t\t<\/div>\n\t\t\t\t<\/div>","protected":false},"excerpt":{"rendered":"<p>como actriz Cine \/ Fragmentada (2023) Argentina-Uruguay \/ 2023 Guion y direcci\u00f3n: Facundo Escudero SalinasFotograf\u00eda: Fernando LorenzaleM\u00fasica: Pablo Benjam\u00ednEdici\u00f3n: Dami\u00e1n TetelbaumElenco: Jazm\u00edn Stuart, C\u00e9sar Bord\u00f3n, Beatriz Spelzini, Juana Bosco, Paula Tabachnik, Diego Quiroz Sinopsis de la pel\u00edcula Irina, una oficial de polic\u00eda, regresa a la Patagonia para cuidar a su madre. Sin embargo, el asesinato [&hellip;]<\/p>","protected":false},"author":1,"featured_media":0,"parent":164,"menu_order":0,"comment_status":"closed","ping_status":"closed","template":"","meta":{"site-sidebar-layout":"no-sidebar","site-content-layout":"page-builder","ast-site-content-layout":"full-width-container","site-content-style":"default","site-sidebar-style":"default","ast-global-header-display":"","ast-banner-title-visibility":"","ast-main-header-display":"","ast-hfb-above-header-display":"","ast-hfb-below-header-display":"","ast-hfb-mobile-header-display":"","site-post-title":"disabled","ast-breadcrumbs-content":"","ast-featured-img":"disabled","footer-sml-layout":"","theme-transparent-header-meta":"","adv-header-id-meta":"","stick-header-meta":"","header-above-stick-meta":"","header-main-stick-meta":"","header-below-stick-meta":"","astra-migrate-meta-layouts":"set","ast-page-background-enabled":"default","ast-page-background-meta":{"desktop":{"background-color":"var(--ast-global-color-4)","background-image":"","background-repeat":"repeat","background-position":"center center","background-size":"auto","background-attachment":"scroll","background-type":"","background-media":"","overlay-type":"","overlay-color":"","overlay-opacity":"","overlay-gradient":""},"tablet":{"background-color":"","background-image":"","background-repeat":"repeat","background-position":"center center","background-size":"auto","background-attachment":"scroll","background-type":"","background-media":"","overlay-type":"","overlay-color":"","overlay-opacity":"","overlay-gradient":""},"mobile":{"background-color":"","background-image":"","background-repeat":"repeat","background-position":"center center","background-size":"auto","background-attachment":"scroll","background-type":"","background-media":"","overlay-type":"","overlay-color":"","overlay-opacity":"","overlay-gradient":""}},"ast-content-background-meta":{"desktop":{"background-color":"var(--ast-global-color-5)","background-image":"","background-repeat":"repeat","background-position":"center center","background-size":"auto","background-attachment":"scroll","background-type":"","background-media":"","overlay-type":"","overlay-color":"","overlay-opacity":"","overlay-gradient":""},"tablet":{"background-color":"var(--ast-global-color-5)","background-image":"","background-repeat":"repeat","background-position":"center center","background-size":"auto","background-attachment":"scroll","background-type":"","background-media":"","overlay-type":"","overlay-color":"","overlay-opacity":"","overlay-gradient":""},"mobile":{"background-color":"var(--ast-global-color-5)","background-image":"","background-repeat":"repeat","background-position":"center center","background-size":"auto","background-attachment":"scroll","background-type":"","background-media":"","overlay-type":"","overlay-color":"","overlay-opacity":"","overlay-gradient":""}},"footnotes":""},"class_list":["post-875","page","type-page","status-publish","hentry"],"_links":{"self":[{"href":"https:\/\/paulataba.com.ar\/en\/wp-json\/wp\/v2\/pages\/875","targetHints":{"allow":["GET"]}}],"collection":[{"href":"https:\/\/paulataba.com.ar\/en\/wp-json\/wp\/v2\/pages"}],"about":[{"href":"https:\/\/paulataba.com.ar\/en\/wp-json\/wp\/v2\/types\/page"}],"author":[{"embeddable":true,"href":"https:\/\/paulataba.com.ar\/en\/wp-json\/wp\/v2\/users\/1"}],"replies":[{"embeddable":true,"href":"https:\/\/paulataba.com.ar\/en\/wp-json\/wp\/v2\/comments?post=875"}],"version-history":[{"count":61,"href":"https:\/\/paulataba.com.ar\/en\/wp-json\/wp\/v2\/pages\/875\/revisions"}],"predecessor-version":[{"id":1487,"href":"https:\/\/paulataba.com.ar\/en\/wp-json\/wp\/v2\/pages\/875\/revisions\/1487"}],"up":[{"embeddable":true,"href":"https:\/\/paulataba.com.ar\/en\/wp-json\/wp\/v2\/pages\/164"}],"wp:attachment":[{"href":"https:\/\/paulataba.com.ar\/en\/wp-json\/wp\/v2\/media?parent=875"}],"curies":[{"name":"wp","href":"https:\/\/api.w.org\/{rel}","templated":true}]}}