{"id":921,"date":"2023-10-28T15:37:29","date_gmt":"2023-10-28T18:37:29","guid":{"rendered":"http:\/\/paula-tabachnik.local\/?page_id=921"},"modified":"2023-10-30T19:19:20","modified_gmt":"2023-10-30T22:19:20","slug":"prometeo-hasta-el-cuello","status":"publish","type":"page","link":"https:\/\/paulataba.com.ar\/en\/obras-como-actriz\/prometeo-hasta-el-cuello\/","title":{"rendered":"Prometeo hasta el cuello"},"content":{"rendered":"<div data-elementor-type=\"wp-page\" data-elementor-id=\"921\" class=\"elementor elementor-921\">\n\t\t\t\t<div class=\"elementor-element elementor-element-002c9d9 elementor-hidden-mobile e-flex e-con-boxed e-con e-parent\" data-id=\"002c9d9\" data-element_type=\"container\">\n\t\t\t\t\t<div class=\"e-con-inner\">\n\t\t\t\t<div class=\"elementor-element elementor-element-3c88b3c elementor-widget elementor-widget-spacer\" data-id=\"3c88b3c\" data-element_type=\"widget\" data-widget_type=\"spacer.default\">\n\t\t\t\t<div class=\"elementor-widget-container\">\n\t\t\t\t\t<div class=\"elementor-spacer\">\n\t\t\t<div class=\"elementor-spacer-inner\"><\/div>\n\t\t<\/div>\n\t\t\t\t<\/div>\n\t\t\t\t<\/div>\n\t\t\t\t\t<\/div>\n\t\t\t\t<\/div>\n\t\t<div class=\"elementor-element elementor-element-a8f7852 e-flex e-con-boxed elementor-invisible e-con e-parent\" data-id=\"a8f7852\" data-element_type=\"container\" data-settings=\"{&quot;animation&quot;:&quot;fadeInRight&quot;}\">\n\t\t\t\t\t<div class=\"e-con-inner\">\n\t\t<div class=\"elementor-element elementor-element-75c2c7b e-con-full e-flex e-con e-child\" data-id=\"75c2c7b\" data-element_type=\"container\">\n\t\t\t\t<div class=\"elementor-element elementor-element-31360fd elementor-widget elementor-widget-heading\" data-id=\"31360fd\" data-element_type=\"widget\" data-widget_type=\"heading.default\">\n\t\t\t\t<div class=\"elementor-widget-container\">\n\t\t\t<h1 class=\"elementor-heading-title elementor-size-default\">as an actress<\/h1>\t\t<\/div>\n\t\t\t\t<\/div>\n\t\t\t\t<\/div>\n\t\t<div class=\"elementor-element elementor-element-5ec9c63 e-con-full elementor-hidden-mobile e-flex e-con e-child\" data-id=\"5ec9c63\" data-element_type=\"container\">\n\t\t\t\t<\/div>\n\t\t<div class=\"elementor-element elementor-element-ff4e6bb e-con-full e-flex e-con e-child\" data-id=\"ff4e6bb\" data-element_type=\"container\">\n\t\t\t\t<div class=\"elementor-element elementor-element-14c4392 elementor-widget elementor-widget-heading\" data-id=\"14c4392\" data-element_type=\"widget\" data-widget_type=\"heading.default\">\n\t\t\t\t<div class=\"elementor-widget-container\">\n\t\t\t<h3 class=\"elementor-heading-title elementor-size-default\">Prometeo. Hasta el cuello (2008)<\/h3>\t\t<\/div>\n\t\t\t\t<\/div>\n\t\t\t\t<div class=\"elementor-element elementor-element-aed45a8 elementor-widget elementor-widget-text-editor\" data-id=\"aed45a8\" data-element_type=\"widget\" data-widget_type=\"text-editor.default\">\n\t\t\t\t<div class=\"elementor-widget-container\">\n\t\t\t\t\t\t\t<p class=\" translation-block\">Staging and general direction: Diego Starosta<br>General production: El Muerr\u00edo Teatro<\/p><p>Performance: Eliana Antar, Emanuel Belser, Diana Cortajerena, Magdalena de Santo, Luc\u00eda Rossi, Diego Starosta, Dar\u00edo Szraka and Paula Tabachnik.<\/p><p>Script and artistic assistance: Juan Jos\u00e9 Santill\u00e1n<\/p>\t\t\t\t\t\t<\/div>\n\t\t\t\t<\/div>\n\t\t\t\t<\/div>\n\t\t<div class=\"elementor-element elementor-element-eb38f2a e-con-full e-flex e-con e-child\" data-id=\"eb38f2a\" data-element_type=\"container\">\n\t\t\t\t<div class=\"elementor-element elementor-element-ccf6d69 elementor-pagination-position-outside elementor-widget elementor-widget-image-carousel\" data-id=\"ccf6d69\" data-element_type=\"widget\" data-settings=\"{&quot;slides_to_show&quot;:&quot;1&quot;,&quot;navigation&quot;:&quot;dots&quot;,&quot;autoplay&quot;:&quot;yes&quot;,&quot;pause_on_hover&quot;:&quot;yes&quot;,&quot;pause_on_interaction&quot;:&quot;yes&quot;,&quot;autoplay_speed&quot;:5000,&quot;infinite&quot;:&quot;yes&quot;,&quot;effect&quot;:&quot;slide&quot;,&quot;speed&quot;:500}\" data-widget_type=\"image-carousel.default\">\n\t\t\t\t<div class=\"elementor-widget-container\">\n\t\t\t\t\t<div class=\"elementor-image-carousel-wrapper swiper\" dir=\"ltr\">\n\t\t\t<div class=\"elementor-image-carousel swiper-wrapper\" aria-live=\"off\">\n\t\t\t\t\t\t\t\t<div class=\"swiper-slide\" role=\"group\" aria-roledescription=\"slide\" aria-label=\"1 of 4\"><figure class=\"swiper-slide-inner\"><img decoding=\"async\" class=\"swiper-slide-image\" src=\"https:\/\/paulataba.com.ar\/wp-content\/uploads\/2023\/10\/prometeo-hasta-el-cuello-paula-tabachnik-1.webp\" alt=\"\" \/><\/figure><\/div><div class=\"swiper-slide\" role=\"group\" aria-roledescription=\"slide\" aria-label=\"2 of 4\"><figure class=\"swiper-slide-inner\"><img decoding=\"async\" class=\"swiper-slide-image\" src=\"https:\/\/paulataba.com.ar\/wp-content\/uploads\/2023\/10\/prometeopaula-tabach.webp\" alt=\"\" \/><\/figure><\/div><div class=\"swiper-slide\" role=\"group\" aria-roledescription=\"slide\" aria-label=\"3 of 4\"><figure class=\"swiper-slide-inner\"><img decoding=\"async\" class=\"swiper-slide-image\" src=\"https:\/\/paulataba.com.ar\/wp-content\/uploads\/2023\/10\/prometeo-hasta-el-cuello-paula-tabachnik-2.webp\" alt=\"\" \/><\/figure><\/div><div class=\"swiper-slide\" role=\"group\" aria-roledescription=\"slide\" aria-label=\"4 of 4\"><figure class=\"swiper-slide-inner\"><img decoding=\"async\" class=\"swiper-slide-image\" src=\"https:\/\/paulataba.com.ar\/wp-content\/uploads\/2023\/10\/prometeo-hasta-el-cuello-paula-tabachnik-3.webp\" alt=\"\" \/><\/figure><\/div>\t\t\t<\/div>\n\t\t\t\t\t\t\t\n\t\t\t\t\t\t\t\t\t<div class=\"swiper-pagination\"><\/div>\n\t\t\t\t\t\t\t\t\t<\/div>\n\t\t\t\t<\/div>\n\t\t\t\t<\/div>\n\t\t\t\t<\/div>\n\t\t\t\t\t<\/div>\n\t\t\t\t<\/div>\n\t\t<div class=\"elementor-element elementor-element-f853b72 e-flex e-con-boxed elementor-invisible e-con e-parent\" data-id=\"f853b72\" data-element_type=\"container\" data-settings=\"{&quot;animation&quot;:&quot;fadeInRight&quot;}\">\n\t\t\t\t\t<div class=\"e-con-inner\">\n\t\t<div class=\"elementor-element elementor-element-4b913c1 e-con-full elementor-hidden-mobile e-flex e-con e-child\" data-id=\"4b913c1\" data-element_type=\"container\">\n\t\t\t\t<div class=\"elementor-element elementor-element-93fba44 elementor-view-default elementor-widget elementor-widget-icon\" data-id=\"93fba44\" data-element_type=\"widget\" data-widget_type=\"icon.default\">\n\t\t\t\t<div class=\"elementor-widget-container\">\n\t\t\t\t\t<div class=\"elementor-icon-wrapper\">\n\t\t\t<a class=\"elementor-icon elementor-animation-grow\" href=\"https:\/\/paulataba.com.ar\/en\/obras-como-actriz\/\">\n\t\t\t<i aria-hidden=\"true\" class=\"fas fa-angle-left\"><\/i>\t\t\t<\/a>\n\t\t<\/div>\n\t\t\t\t<\/div>\n\t\t\t\t<\/div>\n\t\t\t\t<\/div>\n\t\t<div class=\"elementor-element elementor-element-20a10bf e-con-full elementor-hidden-mobile e-flex e-con e-child\" data-id=\"20a10bf\" data-element_type=\"container\">\n\t\t\t\t<div class=\"elementor-element elementor-element-0f881b7 elementor-widget-divider--view-line elementor-widget elementor-widget-divider\" data-id=\"0f881b7\" data-element_type=\"widget\" data-widget_type=\"divider.default\">\n\t\t\t\t<div class=\"elementor-widget-container\">\n\t\t\t\t\t<div class=\"elementor-divider\">\n\t\t\t<span class=\"elementor-divider-separator\">\n\t\t\t\t\t\t<\/span>\n\t\t<\/div>\n\t\t\t\t<\/div>\n\t\t\t\t<\/div>\n\t\t\t\t<\/div>\n\t\t<div class=\"elementor-element elementor-element-9518d17 e-con-full e-flex e-con e-child\" data-id=\"9518d17\" data-element_type=\"container\">\n\t\t\t\t<\/div>\n\t\t<div class=\"elementor-element elementor-element-a6d8fe7 e-con-full e-flex e-con e-child\" data-id=\"a6d8fe7\" data-element_type=\"container\">\n\t\t\t\t<div class=\"elementor-element elementor-element-a497f72 elementor-widget elementor-widget-text-editor\" data-id=\"a497f72\" data-element_type=\"widget\" data-widget_type=\"text-editor.default\">\n\t\t\t\t<div class=\"elementor-widget-container\">\n\t\t\t\t\t\t\t<p><strong>About the play<\/strong><\/p><p class=\" translation-block\">One night on the outskirts of Buenos Aires. Augusto Pontani, a Party cadre, is kept in a small apartment for having committed treason during a political intern.<br>Pontani knows that his only protection is the rhetorical evocation of his militant, lucid and heroic past, which marked him as a much of his generation. But after the defeat of the Movement, he had to adapt to a hostile present where to survive he made impossible pacts. Even washing away the dirt of some leaders with his past. Pontani keeps a secret, the only thing that keeps him alive. Death and life confuse the contours of him. There is no longer a hero or a traitor, only an event.<\/p><p class=\" translation-block\">General assistance: Claire Salabelle<br>Art direction: Juli\u00e1n Romera<br>Director of photography: Juli\u00e1n Ledesma<br>Realization of the scenic device: Duilio Della Pittima<br>Realization of costumes: Maia Lusternik<br>Design and communication: Mauroliver\/ Los Tobi<br>Executive production: Germ\u00e1n Bermant<br>Photography: Leo Vaca<\/p>\t\t\t\t\t\t<\/div>\n\t\t\t\t<\/div>\n\t\t\t\t<\/div>\n\t\t\t\t\t<\/div>\n\t\t\t\t<\/div>\n\t\t<div class=\"elementor-element elementor-element-7b67ff5 e-flex e-con-boxed e-con e-parent\" data-id=\"7b67ff5\" data-element_type=\"container\">\n\t\t\t\t\t<div class=\"e-con-inner\">\n\t\t\t\t<div class=\"elementor-element elementor-element-006324d elementor-widget elementor-widget-spacer\" data-id=\"006324d\" data-element_type=\"widget\" data-widget_type=\"spacer.default\">\n\t\t\t\t<div class=\"elementor-widget-container\">\n\t\t\t\t\t<div class=\"elementor-spacer\">\n\t\t\t<div class=\"elementor-spacer-inner\"><\/div>\n\t\t<\/div>\n\t\t\t\t<\/div>\n\t\t\t\t<\/div>\n\t\t\t\t\t<\/div>\n\t\t\t\t<\/div>\n\t\t\t\t<\/div>","protected":false},"excerpt":{"rendered":"<p>como actriz Prometeo. Hasta el cuello (2008) Puesta en escena y direcci\u00f3n general: Diego StarostaProducci\u00f3n general: El Muerer\u00edo Teatro Actuaci\u00f3n: Eliana Antar, Emanuel Belser, Diana Cortajerena, Magdalena de Santo, Luc\u00eda Rossi, Diego Starosta, Dar\u00edo Szraka Y Paula Tabachnik. Dramaturgia y asistencia art\u00edstica: Juan Jos\u00e9 Santill\u00e1n Sinopsis de la obra Una noche en las afueras de [&hellip;]<\/p>","protected":false},"author":1,"featured_media":0,"parent":164,"menu_order":0,"comment_status":"closed","ping_status":"closed","template":"","meta":{"site-sidebar-layout":"no-sidebar","site-content-layout":"page-builder","ast-site-content-layout":"full-width-container","site-content-style":"default","site-sidebar-style":"default","ast-global-header-display":"","ast-banner-title-visibility":"","ast-main-header-display":"","ast-hfb-above-header-display":"","ast-hfb-below-header-display":"","ast-hfb-mobile-header-display":"","site-post-title":"disabled","ast-breadcrumbs-content":"","ast-featured-img":"disabled","footer-sml-layout":"","theme-transparent-header-meta":"","adv-header-id-meta":"","stick-header-meta":"","header-above-stick-meta":"","header-main-stick-meta":"","header-below-stick-meta":"","astra-migrate-meta-layouts":"set","ast-page-background-enabled":"default","ast-page-background-meta":{"desktop":{"background-color":"var(--ast-global-color-4)","background-image":"","background-repeat":"repeat","background-position":"center center","background-size":"auto","background-attachment":"scroll","background-type":"","background-media":"","overlay-type":"","overlay-color":"","overlay-opacity":"","overlay-gradient":""},"tablet":{"background-color":"","background-image":"","background-repeat":"repeat","background-position":"center center","background-size":"auto","background-attachment":"scroll","background-type":"","background-media":"","overlay-type":"","overlay-color":"","overlay-opacity":"","overlay-gradient":""},"mobile":{"background-color":"","background-image":"","background-repeat":"repeat","background-position":"center center","background-size":"auto","background-attachment":"scroll","background-type":"","background-media":"","overlay-type":"","overlay-color":"","overlay-opacity":"","overlay-gradient":""}},"ast-content-background-meta":{"desktop":{"background-color":"var(--ast-global-color-5)","background-image":"","background-repeat":"repeat","background-position":"center center","background-size":"auto","background-attachment":"scroll","background-type":"","background-media":"","overlay-type":"","overlay-color":"","overlay-opacity":"","overlay-gradient":""},"tablet":{"background-color":"var(--ast-global-color-5)","background-image":"","background-repeat":"repeat","background-position":"center center","background-size":"auto","background-attachment":"scroll","background-type":"","background-media":"","overlay-type":"","overlay-color":"","overlay-opacity":"","overlay-gradient":""},"mobile":{"background-color":"var(--ast-global-color-5)","background-image":"","background-repeat":"repeat","background-position":"center center","background-size":"auto","background-attachment":"scroll","background-type":"","background-media":"","overlay-type":"","overlay-color":"","overlay-opacity":"","overlay-gradient":""}},"footnotes":""},"class_list":["post-921","page","type-page","status-publish","hentry"],"_links":{"self":[{"href":"https:\/\/paulataba.com.ar\/en\/wp-json\/wp\/v2\/pages\/921","targetHints":{"allow":["GET"]}}],"collection":[{"href":"https:\/\/paulataba.com.ar\/en\/wp-json\/wp\/v2\/pages"}],"about":[{"href":"https:\/\/paulataba.com.ar\/en\/wp-json\/wp\/v2\/types\/page"}],"author":[{"embeddable":true,"href":"https:\/\/paulataba.com.ar\/en\/wp-json\/wp\/v2\/users\/1"}],"replies":[{"embeddable":true,"href":"https:\/\/paulataba.com.ar\/en\/wp-json\/wp\/v2\/comments?post=921"}],"version-history":[{"count":29,"href":"https:\/\/paulataba.com.ar\/en\/wp-json\/wp\/v2\/pages\/921\/revisions"}],"predecessor-version":[{"id":1415,"href":"https:\/\/paulataba.com.ar\/en\/wp-json\/wp\/v2\/pages\/921\/revisions\/1415"}],"up":[{"embeddable":true,"href":"https:\/\/paulataba.com.ar\/en\/wp-json\/wp\/v2\/pages\/164"}],"wp:attachment":[{"href":"https:\/\/paulataba.com.ar\/en\/wp-json\/wp\/v2\/media?parent=921"}],"curies":[{"name":"wp","href":"https:\/\/api.w.org\/{rel}","templated":true}]}}